{"id":1568,"date":"2017-06-22T22:29:34","date_gmt":"2017-06-22T19:29:34","guid":{"rendered":"https:\/\/vokalaw.gr\/about\/"},"modified":"2019-07-15T23:56:43","modified_gmt":"2019-07-15T20:56:43","slug":"ueber-uns","status":"publish","type":"page","link":"https:\/\/vokalaw.gr\/de\/ueber-uns\/","title":{"rendered":"\u00dcber uns"},"content":{"rendered":"<p>[vc_section][vc_row full_width=&#8220;stretch_row_content_no_spaces&#8220;][vc_column][lawyer_banner style=&#8220;style2&#8243; image=&#8220;1448&#8243; title=&#8220;Our Law Office&#8220;][\/vc_column][\/vc_row][vc_row full_width=&#8220;stretch_row&#8220; equal_height=&#8220;yes&#8220; css=&#8220;.vc_custom_1499376872832{padding-top: 10px !important;padding-bottom: 40px !important;background-color: rgba(248,248,248,0.5) !important;*background-color: rgb(248,248,248) !important;}&#8220;][vc_column][vc_row_inner][vc_column_inner][lawyer_text]Unser Anwaltsb\u00fcro wurde von Henning Voelkel, George Kataliakos und Anna Roussou gegr\u00fcndet. Wir sind erfahrene Anw\u00e4lte, anerkannt in den Bereichen des Wirtschaftsrechts und des Gewerblichen Rechtsschutzes. Bevor wir unser eigenes B\u00fcro gr\u00fcndeten, hatten wir bis zu 20 Jahre Erfahrung in anerkannten Rechtsanwaltsfirmen gesammelt und k\u00f6nnen uns daher als eine der besten Anw\u00e4lte in unserem Rechtsgebiet bezeichnen. Bereits fr\u00fch in unseren Karrieren wurden wir als Experten in unserem Bereich ausgezeichnet und haben uns entschieden, gemeinsam eine eigene Gesellschaft zu gr\u00fcnden.<\/p>\n<p>Unsere Hauptrechtsgebiete sind der Gewerbliche Rechtsschutz, das Wettbewerbsrecht, das Wirtschaftsrecht und das Zivilrecht. Wir beraten unsere Mandanten aber auch in \u00e4hnlichen Rechtsgebieten, wie beispielsweise bei strafrechtlich relevanten Handlungen im Markenrecht. Wir beraten unsere Mandanten und treten vor allen Griechischen Gerichten auf. Wir streben eine enge Kooperation mit unseren Mandanten an, um das jeweilige Ziel in der bestm\u00f6glichen Weise zu erreichen.<\/p>\n<p>Auf unserer Internetseite erhalten Sie einen \u00dcberblick \u00fcber unsere T\u00e4tigkeitsfelder und eine kurze Beschreibungen der bei uns t\u00e4tigen Anw\u00e4lte.[\/lawyer_text][vc_zigzag el_border_width=&#8220;10&#8243; css=&#8220;.vc_custom_1546869922884{margin-bottom: 30px !important;}&#8220;][\/vc_column_inner][\/vc_row_inner][vc_row_inner][vc_column_inner width=&#8220;1\/2&#8243;][lawyer_icon_text icon=&#8220;icon-award&#8220; title=&#8220;\u0392\u03c1\u03b1\u03b2\u03b5\u03af\u03bf IP Litigation Lawyer of the Year&#8220; url=&#8220;https:\/\/globalawards.finance-monthly.com\/winners-edition\/18\/&#8220;][\/vc_column_inner][vc_column_inner width=&#8220;1\/2&#8243;][lawyer_icon_text icon=&#8220;icon-suitcase&#8220; title=&#8220;\u0391\u03bd\u03b1\u03b3\u03bd\u03ce\u03c1\u03b9\u03c3\u03b7 \u03c9\u03c2 Leading Patent Expert IAM 100&#8243; url=&#8220;https:\/\/www.iam-media.com\/directories\/patent1000\/rankings\/greece&#8220;][\/vc_column_inner][\/vc_row_inner][\/vc_column][\/vc_row][vc_row css=&#8220;.vc_custom_1500058468913{padding-bottom: 60px !important;}&#8220;][vc_column][lawyer_title tag=&#8220;h3&#8243; align=&#8220;text-center&#8220; style=&#8220;block-title&#8220; title=&#8220;Our People in Focus&#8220;][lawyer_people style=&#8220;style2&#8243; limit=&#8220;6&#8243;][\/vc_column][\/vc_row][\/vc_section]<\/p>\n","protected":false},"excerpt":{"rendered":"<p>[vc_section][vc_row full_width=&#8220;stretch_row_content_no_spaces&#8220;][vc_column][lawyer_banner style=&#8220;style2&#8243; image=&#8220;1448&#8243; title=&#8220;Our Law Office&#8220;][\/vc_column][\/vc_row][vc_row full_width=&#8220;stretch_row&#8220; equal_height=&#8220;yes&#8220; css=&#8220;.vc_custom_1499376872832{padding-top: 10px !important;padding-bottom: 40px !important;background-color: rgba(248,248,248,0.5) !important;*background-color: rgb(248,248,248) !important;}&#8220;][vc_column][vc_row_inner][vc_column_inner][lawyer_text]Unser Anwaltsb\u00fcro wurde von Henning Voelkel, George Kataliakos und Anna Roussou gegr\u00fcndet. Wir sind erfahrene Anw\u00e4lte, anerkannt in den Bereichen des Wirtschaftsrechts und des Gewerblichen Rechtsschutzes. Bevor wir unser eigenes B\u00fcro gr\u00fcndeten, hatten wir bis zu 20 Jahre<\/p>\n","protected":false},"author":1,"featured_media":0,"parent":0,"menu_order":3,"comment_status":"closed","ping_status":"closed","template":"","meta":{"footnotes":""},"class_list":["post-1568","page","type-page","status-publish","hentry"],"yoast_head":"<!-- This site is optimized with the Yoast SEO plugin v23.5 - https:\/\/yoast.com\/wordpress\/plugins\/seo\/ -->\n<title>\u00dcber uns &#8211; Voelkel Kataliakos Roussou Law Office<\/title>\n<meta name=\"robots\" content=\"index, follow, max-snippet:-1, max-image-preview:large, max-video-preview:-1\" \/>\n<link rel=\"canonical\" href=\"https:\/\/vokalaw.gr\/de\/ueber-uns\/\" \/>\n<meta property=\"og:locale\" content=\"de_DE\" \/>\n<meta property=\"og:type\" content=\"article\" \/>\n<meta property=\"og:title\" content=\"\u00dcber uns &#8211; Voelkel Kataliakos Roussou Law Office\" \/>\n<meta property=\"og:description\" content=\"[vc_section][vc_row full_width=&#8220;stretch_row_content_no_spaces&#8220;][vc_column][lawyer_banner style=&#8220;style2&#8243; image=&#8220;1448&#8243; title=&#8220;Our Law Office&#8220;][\/vc_column][\/vc_row][vc_row full_width=&#8220;stretch_row&#8220; equal_height=&#8220;yes&#8220; css=&#8220;.vc_custom_1499376872832{padding-top: 10px !important;padding-bottom: 40px !important;background-color: rgba(248,248,248,0.5) !important;*background-color: rgb(248,248,248) !important;}&#8220;][vc_column][vc_row_inner][vc_column_inner][lawyer_text]Unser Anwaltsb\u00fcro wurde von Henning Voelkel, George Kataliakos und Anna Roussou gegr\u00fcndet. Wir sind erfahrene Anw\u00e4lte, anerkannt in den Bereichen des Wirtschaftsrechts und des Gewerblichen Rechtsschutzes. Bevor wir unser eigenes B\u00fcro gr\u00fcndeten, hatten wir bis zu 20 Jahre\" \/>\n<meta property=\"og:url\" content=\"https:\/\/vokalaw.gr\/de\/ueber-uns\/\" \/>\n<meta property=\"og:site_name\" content=\"Voelkel Kataliakos Roussou Law Office\" \/>\n<meta property=\"article:modified_time\" content=\"2019-07-15T20:56:43+00:00\" \/>\n<meta name=\"twitter:card\" content=\"summary_large_image\" \/>\n<meta name=\"twitter:label1\" content=\"Gesch\u00e4tzte Lesezeit\" \/>\n\t<meta name=\"twitter:data1\" content=\"2\u00a0Minuten\" \/>\n<script type=\"application\/ld+json\" class=\"yoast-schema-graph\">{\"@context\":\"https:\/\/schema.org\",\"@graph\":[{\"@type\":\"WebPage\",\"@id\":\"https:\/\/vokalaw.gr\/de\/ueber-uns\/\",\"url\":\"https:\/\/vokalaw.gr\/de\/ueber-uns\/\",\"name\":\"\u00dcber uns &#8211; Voelkel Kataliakos Roussou Law Office\",\"isPartOf\":{\"@id\":\"https:\/\/vokalaw.gr\/de\/#website\"},\"datePublished\":\"2017-06-22T19:29:34+00:00\",\"dateModified\":\"2019-07-15T20:56:43+00:00\",\"breadcrumb\":{\"@id\":\"https:\/\/vokalaw.gr\/de\/ueber-uns\/#breadcrumb\"},\"inLanguage\":\"de\",\"potentialAction\":[{\"@type\":\"ReadAction\",\"target\":[\"https:\/\/vokalaw.gr\/de\/ueber-uns\/\"]}]},{\"@type\":\"BreadcrumbList\",\"@id\":\"https:\/\/vokalaw.gr\/de\/ueber-uns\/#breadcrumb\",\"itemListElement\":[{\"@type\":\"ListItem\",\"position\":1,\"name\":\"Home\",\"item\":\"https:\/\/vokalaw.gr\/de\/home\/\"},{\"@type\":\"ListItem\",\"position\":2,\"name\":\"\u00dcber uns\"}]},{\"@type\":\"WebSite\",\"@id\":\"https:\/\/vokalaw.gr\/de\/#website\",\"url\":\"https:\/\/vokalaw.gr\/de\/\",\"name\":\"Voelkel Kataliakos Roussou Law Office\",\"description\":\"Law services concerning intellectual property law, competition law, commercial law and civil law\",\"publisher\":{\"@id\":\"https:\/\/vokalaw.gr\/de\/#organization\"},\"potentialAction\":[{\"@type\":\"SearchAction\",\"target\":{\"@type\":\"EntryPoint\",\"urlTemplate\":\"https:\/\/vokalaw.gr\/de\/?s={search_term_string}\"},\"query-input\":{\"@type\":\"PropertyValueSpecification\",\"valueRequired\":true,\"valueName\":\"search_term_string\"}}],\"inLanguage\":\"de\"},{\"@type\":\"Organization\",\"@id\":\"https:\/\/vokalaw.gr\/de\/#organization\",\"name\":\"Voelkel Kataliakos Law Office\",\"url\":\"https:\/\/vokalaw.gr\/de\/\",\"logo\":{\"@type\":\"ImageObject\",\"inLanguage\":\"de\",\"@id\":\"https:\/\/vokalaw.gr\/de\/#\/schema\/logo\/image\/\",\"url\":\"https:\/\/vokalaw.gr\/wp-content\/uploads\/2017\/12\/vklegal.png\",\"contentUrl\":\"https:\/\/vokalaw.gr\/wp-content\/uploads\/2017\/12\/vklegal.png\",\"width\":178,\"height\":43,\"caption\":\"Voelkel Kataliakos Law Office\"},\"image\":{\"@id\":\"https:\/\/vokalaw.gr\/de\/#\/schema\/logo\/image\/\"}}]}<\/script>\n<!-- \/ Yoast SEO plugin. -->","yoast_head_json":{"title":"\u00dcber uns &#8211; Voelkel Kataliakos Roussou Law Office","robots":{"index":"index","follow":"follow","max-snippet":"max-snippet:-1","max-image-preview":"max-image-preview:large","max-video-preview":"max-video-preview:-1"},"canonical":"https:\/\/vokalaw.gr\/de\/ueber-uns\/","og_locale":"de_DE","og_type":"article","og_title":"\u00dcber uns &#8211; Voelkel Kataliakos Roussou Law Office","og_description":"[vc_section][vc_row full_width=&#8220;stretch_row_content_no_spaces&#8220;][vc_column][lawyer_banner style=&#8220;style2&#8243; image=&#8220;1448&#8243; title=&#8220;Our Law Office&#8220;][\/vc_column][\/vc_row][vc_row full_width=&#8220;stretch_row&#8220; equal_height=&#8220;yes&#8220; css=&#8220;.vc_custom_1499376872832{padding-top: 10px !important;padding-bottom: 40px !important;background-color: rgba(248,248,248,0.5) !important;*background-color: rgb(248,248,248) !important;}&#8220;][vc_column][vc_row_inner][vc_column_inner][lawyer_text]Unser Anwaltsb\u00fcro wurde von Henning Voelkel, George Kataliakos und Anna Roussou gegr\u00fcndet. Wir sind erfahrene Anw\u00e4lte, anerkannt in den Bereichen des Wirtschaftsrechts und des Gewerblichen Rechtsschutzes. Bevor wir unser eigenes B\u00fcro gr\u00fcndeten, hatten wir bis zu 20 Jahre","og_url":"https:\/\/vokalaw.gr\/de\/ueber-uns\/","og_site_name":"Voelkel Kataliakos Roussou Law Office","article_modified_time":"2019-07-15T20:56:43+00:00","twitter_card":"summary_large_image","twitter_misc":{"Gesch\u00e4tzte Lesezeit":"2\u00a0Minuten"},"schema":{"@context":"https:\/\/schema.org","@graph":[{"@type":"WebPage","@id":"https:\/\/vokalaw.gr\/de\/ueber-uns\/","url":"https:\/\/vokalaw.gr\/de\/ueber-uns\/","name":"\u00dcber uns &#8211; Voelkel Kataliakos Roussou Law Office","isPartOf":{"@id":"https:\/\/vokalaw.gr\/de\/#website"},"datePublished":"2017-06-22T19:29:34+00:00","dateModified":"2019-07-15T20:56:43+00:00","breadcrumb":{"@id":"https:\/\/vokalaw.gr\/de\/ueber-uns\/#breadcrumb"},"inLanguage":"de","potentialAction":[{"@type":"ReadAction","target":["https:\/\/vokalaw.gr\/de\/ueber-uns\/"]}]},{"@type":"BreadcrumbList","@id":"https:\/\/vokalaw.gr\/de\/ueber-uns\/#breadcrumb","itemListElement":[{"@type":"ListItem","position":1,"name":"Home","item":"https:\/\/vokalaw.gr\/de\/home\/"},{"@type":"ListItem","position":2,"name":"\u00dcber uns"}]},{"@type":"WebSite","@id":"https:\/\/vokalaw.gr\/de\/#website","url":"https:\/\/vokalaw.gr\/de\/","name":"Voelkel Kataliakos Roussou Law Office","description":"Law services concerning intellectual property law, competition law, commercial law and civil law","publisher":{"@id":"https:\/\/vokalaw.gr\/de\/#organization"},"potentialAction":[{"@type":"SearchAction","target":{"@type":"EntryPoint","urlTemplate":"https:\/\/vokalaw.gr\/de\/?s={search_term_string}"},"query-input":{"@type":"PropertyValueSpecification","valueRequired":true,"valueName":"search_term_string"}}],"inLanguage":"de"},{"@type":"Organization","@id":"https:\/\/vokalaw.gr\/de\/#organization","name":"Voelkel Kataliakos Law Office","url":"https:\/\/vokalaw.gr\/de\/","logo":{"@type":"ImageObject","inLanguage":"de","@id":"https:\/\/vokalaw.gr\/de\/#\/schema\/logo\/image\/","url":"https:\/\/vokalaw.gr\/wp-content\/uploads\/2017\/12\/vklegal.png","contentUrl":"https:\/\/vokalaw.gr\/wp-content\/uploads\/2017\/12\/vklegal.png","width":178,"height":43,"caption":"Voelkel Kataliakos Law Office"},"image":{"@id":"https:\/\/vokalaw.gr\/de\/#\/schema\/logo\/image\/"}}]}},"_links":{"self":[{"href":"https:\/\/vokalaw.gr\/de\/wp-json\/wp\/v2\/pages\/1568"}],"collection":[{"href":"https:\/\/vokalaw.gr\/de\/wp-json\/wp\/v2\/pages"}],"about":[{"href":"https:\/\/vokalaw.gr\/de\/wp-json\/wp\/v2\/types\/page"}],"author":[{"embeddable":true,"href":"https:\/\/vokalaw.gr\/de\/wp-json\/wp\/v2\/users\/1"}],"replies":[{"embeddable":true,"href":"https:\/\/vokalaw.gr\/de\/wp-json\/wp\/v2\/comments?post=1568"}],"version-history":[{"count":0,"href":"https:\/\/vokalaw.gr\/de\/wp-json\/wp\/v2\/pages\/1568\/revisions"}],"wp:attachment":[{"href":"https:\/\/vokalaw.gr\/de\/wp-json\/wp\/v2\/media?parent=1568"}],"curies":[{"name":"wp","href":"https:\/\/api.w.org\/{rel}","templated":true}]}}